{"id":87,"date":"2018-09-29T20:39:54","date_gmt":"2018-09-29T20:39:54","guid":{"rendered":"http:\/\/localhost\/wordpress\/?page_id=87"},"modified":"2023-10-26T10:02:15","modified_gmt":"2023-10-26T10:02:15","slug":"mitglied-werden","status":"publish","type":"page","link":"http:\/\/pintjo.org\/index.php\/mitglied-werden\/","title":{"rendered":"Mitglied werden"},"content":{"rendered":"<div style=\"padding-bottom: 2rem;\"><\/div>\n<div class=\"pintjo-paragraph-index\">\n<p style=\"text-align: center;\"><strong style=\"font-size: 1.5rem; text-align: center;\">\nA\n<\/strong><\/p>\n\n<\/div>\n\n<hr \/>\n\n<b>Das Orchester muss so arbeiten, dass die besten verf\u00fcgbaren jungen Musiker erreicht werden.<\/b>\n<div class=\"pintjo-longtext\">Von ihnen wird erwartet, dass sie in der Lage sind, anspruchsvolle symphonische Literatur so zu spielen, dass das Orchester f\u00fcr Dirigenten und Solisten sowie angesehene Konzerth\u00e4user attraktiv wird. Aktive Mitgliedschaft steht Musikern aller Nationen offen, wenn sie zwischen 13 und 26 Jahren alt sind und eines der folgenden Instrumente spielen: Violine, Viola, Violoncello, Kontrabass, Fl\u00f6te, Oboe, Klarinette, Fagott, Horn, Trompete, Posaune, Tuba, Schlagwerk, Harfe, Klavier. (Bitte beachten sie, dass gutes Vom-Blattspiel vorausgesetzt wird.) Bevorzugt gesucht werden Bewerber aus Prag und Jugendliche zwischen 16 und 21 Jahren. Dies ist ein Projektorchester und das bedeutet, dass es von Produktion zu Produktion zu Ver\u00e4nderungen in der Mitgliedschaft bzw. der Besetzung kommen kann.<\/div>\n<div class=\"pintjo-longtext\">Prag ist weltbekannt als Musikzentrum von Weltrang: tats\u00e4chlich sagen die Tschechen \u00fcber sich selbst \u201eCo \u010cech to musikant\u201d, also sinngem\u00e4\u00df, \u201ewenn er Tscheche ist, muss er ein Musikant sein\u201c. Es sollte keinen Mangel an Musikern geben, die die richtige Einstellung und F\u00e4higkeiten mitbringen. Dar\u00fcber hinaus sollte ein internationales Jugendorchester in der Lage sein, die Herzen derer zu gewinnen, die der europ\u00e4ischen Musiktradition nahestehen. Es gibt bereits eine genuine Tradition der Musik Mozarts und Dvo\u0159\u00e1ks in Prag. Wir haben vor, darauf aufzubauen und dar\u00fcber hinaus die Symphonien Haydns, Beethovens und Brahms\u2018, sowie die Klavierkonzerte Beethovens zu spielen. Wir sind nat\u00fcrlich auch offen f\u00fcr moderne Musik und Crossover-Projekte. Dies ist die Musik, die junge Musiker spielen wollen. Daf\u00fcr wollen wir die richtige Umgebung schaffen, so dass sie ihr Potential aussch\u00f6pfen k\u00f6nnen.<\/div>\n<div class=\"pintjo-longtext\">Unterbringung und Transport liegen in der Regel in der Verantwortung der Musiker und ihrer Familien. Das Orchester kann hierf\u00fcr keine Verantwortung \u00fcbernehmen, den Mitgliedern wird aber so weit als m\u00f6glich geholfen. Mitglieder, die in der Lage sind, Solokonzerte mit dem Orchester zu spielen, sollten dazu Gelegenheit erhalten. Dirigierstudenten und Komponisten werden ebenso Unterst\u00fctzung erfahren wie Kammermusikgruppen des Orchesters.<\/div>\n<div class=\"pintjo-paragraph-index\">\n<p style=\"text-align: center;\"><strong style=\"font-size: 1.5rem; text-align: center;\">\nB\n<\/strong><\/p>\n\n<\/div>\n\n<hr \/>\n\n<div class=\"pintjo-longtext\"><b>Das Publikum<\/b> ist der wichtigste gleichbleibende Faktor bei einer musikalischen Auff\u00fchrung. Es liegt uns sehr am Herzen, mit unserem Publikum in einen offenen Dialog zu treten, dass Eindr\u00fccke, Meinungen und auch Kritik auf einfachem Wege ausgetauscht werden k\u00f6nnen. Wenn Sie uns unterst\u00fctzen, wird Ihr Wort Geh\u00f6r finden. In jedem Bereich des Berufslebens ist man sich bewusst, dass Netzwerke enorm wichtig sind. Das Netzwerk das wir aufbauen wollen, soll um eine Dimension erweitert werden: Auff\u00fchrungen junger Musiker stellen eine Umgebung her, die besonders kreativ f\u00fcr Zusammenk\u00fcnfte und Gespr\u00e4che sein wird, besonders wenn das Orchester auf Tournee ist. Internationale Kontakte werden entstehen und wir hoffen auf die Zusammenarbeit mit anderen Interessengruppen in anderen L\u00e4ndern. Unterst\u00fctzung kann alles bedeuten, angefangen vom Teekochen bis hin zur finanziellen Unterst\u00fctzung einer Tournee. Jeder, der das Orchester in irgendeiner Weise unterst\u00fctzen m\u00f6chte, ist herzlich willkommen und wird gerne aufgenommen in unser internationales Netzwerk. Das Orchester ist darauf ausgerichtet, international zu sein und Musikern und Musikliebhabern aus allen L\u00e4ndern offenzustehen. Keine Nationalit\u00e4t oder Sprache wird ausgeschlossen, aber die meistgebrauchten Sprachen w\u00e4hrend der Proben und im t\u00e4glichen Miteinander werden Englisch, Deutsch oder Tschechisch sein.<\/div>\n<div class=\"pintjo-paragraph-index\">\n<p style=\"text-align: center;\"><strong style=\"font-size: 1.5rem; text-align: center;\">\nC\n<\/strong><\/p>\n\n<\/div>\n\n<hr \/>\n\n<div><b>Wie man im Orchester Mitglied wird<\/b><\/div>\n<div class=\"pintjo-longtext\">Jeder Musiker, der eines der oben genannten Instrumente spielt und zwischen 13 und 26 Jahre alt ist, kann sich bewerben. Vorrang wird Musikern zwischen 16 und 21 gew\u00e4hrt. Nehmen Sie dazu Kontakt mit dem Orchester per Email auf und senden Sie eine Nachricht an:<\/div>\n<div><\/div>\n<div><\/div>\n<div class=\"pintjo-longtext\">hans.kistler19@gmail.com<\/div>\n<div><\/div>\n<div><\/div>\n<div class=\"pintjo-longtext\">Die Musiker m\u00fcssen sich jedoch verpflichten, bei allen Proben f\u00fcr eine bestimmte Produktion zur Verf\u00fcgung zu stehen und selbstst\u00e4ndig f\u00fcr ihre Unterkunft und An- bzw. Abreise zu sorgen, falls sie au\u00dferhalb Prags leben. Alle Mitglieder des Orchesters m\u00fcssen zustimmen, dass es au\u00dferhalb der Proben und Konzerte keinerlei Haftung irgendwelcher Art geben kann. Gutes Vom-Blattspiel ist in jedem Fall Voraussetzung. J\u00fcngere Musiker m\u00fcssen wissen, dass die Vergabe jeder Orchesterstelle ausschlie\u00dflich abh\u00e4ngig gemacht wird von der musikalischen Qualit\u00e4t. Keinerlei Ausnahmen k\u00f6nnen wegen des Alters der Bewerber gemacht werden. Es gilt zu beachten, dass die Bewerber s\u00e4mtlich damit einverstanden sein m\u00fcssen, dass Foto-, Video- und Tonaufnahmen im Zusammenhang mit den Orchesteraktivit\u00e4ten gemacht werden und dass diese Eigentum des Orchesters sind. Somit steht deren Verwendung dem Orchester frei.<\/div>\n<h5><\/h5>\n<div class=\"pintjo-paragraph-index\">\n<p style=\"text-align: center;\"><strong style=\"font-size: 1.5rem; text-align: center;\">\u00a0<\/strong><\/p>\n\n<\/div>\n\n<hr \/>\n\n<div class=\"pintjo-longtext\"><\/div>\n<h5><\/h5>\n<pre style=\"padding-left: 30px;\"><\/pre>","protected":false},"excerpt":{"rendered":"A Das Orchester muss so arbeiten, dass die besten verf\u00fcgbaren jungen Musiker erreicht werden. Von ihnen wird erwartet, dass sie in der Lage sind, anspruchsvolle symphonische Literatur so zu spielen, dass das Orchester f\u00fcr Dirigenten und Solisten sowie angesehene Konzerth\u00e4user attraktiv wird. Aktive Mitgliedschaft steht Musikern aller Nationen offen, wenn sie zwischen 13 und 26 &hellip; <p class=\"link-more\"><a href=\"http:\/\/pintjo.org\/index.php\/mitglied-werden\/\" class=\"more-link\">Continue reading<span class=\"screen-reader-text\"> &#8220;Mitglied werden&#8221;<\/span><\/a><\/p>","protected":false},"author":2,"featured_media":0,"parent":0,"menu_order":0,"comment_status":"closed","ping_status":"closed","template":"","meta":[],"_links":{"self":[{"href":"http:\/\/pintjo.org\/index.php\/wp-json\/wp\/v2\/pages\/87"}],"collection":[{"href":"http:\/\/pintjo.org\/index.php\/wp-json\/wp\/v2\/pages"}],"about":[{"href":"http:\/\/pintjo.org\/index.php\/wp-json\/wp\/v2\/types\/page"}],"author":[{"embeddable":true,"href":"http:\/\/pintjo.org\/index.php\/wp-json\/wp\/v2\/users\/2"}],"replies":[{"embeddable":true,"href":"http:\/\/pintjo.org\/index.php\/wp-json\/wp\/v2\/comments?post=87"}],"version-history":[{"count":49,"href":"http:\/\/pintjo.org\/index.php\/wp-json\/wp\/v2\/pages\/87\/revisions"}],"predecessor-version":[{"id":1084,"href":"http:\/\/pintjo.org\/index.php\/wp-json\/wp\/v2\/pages\/87\/revisions\/1084"}],"wp:attachment":[{"href":"http:\/\/pintjo.org\/index.php\/wp-json\/wp\/v2\/media?parent=87"}],"curies":[{"name":"wp","href":"https:\/\/api.w.org\/{rel}","templated":true}]}}