{"id":78,"date":"2018-09-29T20:29:22","date_gmt":"2018-09-29T20:29:22","guid":{"rendered":"http:\/\/localhost\/wordpress\/?page_id=78"},"modified":"2019-09-30T18:27:01","modified_gmt":"2019-09-30T18:27:01","slug":"78-2","status":"publish","type":"page","link":"http:\/\/pintjo.org\/index.php\/78-2\/","title":{"rendered":"Rechtsform, Mitglieder des Vorstands, Verantwortliche"},"content":{"rendered":"<span>Das Orchester l\u00e4uft als ein nach tschechischem Recht eingetragener Verein.<\/span>\n<h1><b>Der Vorstand<\/b><\/h1>\n<div class=\"pintjo-longtext\">\n  Die Verein hat einen Vorstand, der aus einem Ersten Vorsitzenden, einem stellvertretenden Vorsitzenden und einem Kassierer besteht. Jedes Jahr wird eine Jahreshauptversammlung f\u00fcr alle Mitglieder der Stiftung abgehalten, bei der der Bericht des Vorstandes verlesen sowie Neuwahlen desselben stattfinden. Treffen der Vorstandsmitglieder finden je nach Anlass statt. Die Gr\u00fcndungsversammlung fand am 25. September 2018 statt.<\/div>\n<h1><b>Verpflichtende Mitgliedschaft<\/b><\/h1>\n<div class=\"pintjo-longtext\">\n  Orchestermitglieder m\u00fcssen dem Verein beitreten. S\u00e4mtliche Mitglieder einer Familie k\u00f6nnen eine Familienmitgliedschaft abschlie\u00dfen, die nur einen geringf\u00fcgig h\u00f6heren Beitrag kostet als die Einzelmitgliedschaft. Die H\u00f6he der Beitr\u00e4ge bestimmt die Jahreshauptversammlung und kann j\u00e4hrlich variieren. Von diesem Beitrag abgesehen sollten den Musikern keine weiteren Kosten entstehen. Von diesen wird jedoch erwartet, dass sie ihre eigenen Instrumente im Orchester verwenden und f\u00fcr deren Wartung aufkommen. Des Weiteren k\u00f6nnen von den Eltern gewisse finanzielle Beitr\u00e4ge f\u00fcr Reise- und Unterbringungskosten des Orchesters au\u00dferhalb von Prag erhoben werden.<\/div>\n<h1><b>Ehrenmitgliedschaft<\/b><\/h1>\n<div class=\"pintjo-longtext\">\n  Musiker von Rang und Namen sowie andere besonders herausragende Pers\u00f6nlichkeiten des \u00f6ffentlichen Lebens k\u00f6nnen Ehrenmitglieder werden. Sie zahlen keine Mitgliedsbeitr\u00e4ge. Die Namen solcher Pers\u00f6nlichkeiten k\u00f6nnen dazu verwendet werden, um den Ruf des Orchesters zu st\u00e4rken. Ratschl\u00e4ge dieser Ehrenmitglieder werden besonders am Anfang von unsch\u00e4tzbarem Wert sein.<\/div>\n<h1><b>Vorteile durch die Mitgliedschaft im Verein <\/b><\/h1>\n<div class=\"pintjo-longtext\">\n  Alle Mitglieder des Vereins erhalten regelm\u00e4\u00dfig Nachrichten \u00fcber die Aktivit\u00e4ten des Orchesters und werden als Erste Zugang zu Konzertkarten bei \u00f6ffentlichen Auftritten haben. Einige Veranstaltungen, wie z. B. das j\u00e4hrliche Weihnachtskonzert sind nur den Mitgliedern vorbehalten.<\/div>\n<h1><b>Verantwortliche<\/b><\/h1>\n<div class=\"pintjo-longtext\">\n  Sobald das Orchester seine Aktivit\u00e4ten ausweitet, kann es dazu kommen, dass beispielsweise ein Sekret\u00e4r bzw. eine Sekret\u00e4rin vonn\u00f6ten sein wird. Derzeit gibt es nur zwei Verantwortliche: einen Gesch\u00e4ftsf\u00fchrer und einen Musikdirektor. Die Jahreshauptversammlung ernennt diese Funktionstr\u00e4ger, welche dem Vorstand verantwortlich sind. Verantwortliche Funktionstr\u00e4ger erhalten in der Regel einen Vertrag mit einer Laufzeit zwischen drei und f\u00fcnf Jahren.<\/div>\n<h3><b>Gesch\u00e4ftsf\u00fchrer<\/b><\/h3>\n<img loading=\"lazy\" class=\"wp-image-421 size-full alignnone\" src=\"http:\/\/localhost\/wordpress\/wp-content\/uploads\/2018\/10\/Kistler_Small.jpg\" alt=\"\" width=\"1378\" height=\"919\" srcset=\"http:\/\/pintjo.org\/wp-content\/uploads\/2018\/10\/Kistler_Small.jpg 1378w, http:\/\/pintjo.org\/wp-content\/uploads\/2018\/10\/Kistler_Small-300x200.jpg 300w, http:\/\/pintjo.org\/wp-content\/uploads\/2018\/10\/Kistler_Small-768x512.jpg 768w, http:\/\/pintjo.org\/wp-content\/uploads\/2018\/10\/Kistler_Small-1024x683.jpg 1024w\" sizes=\"(max-width: 767px) 89vw, (max-width: 1000px) 54vw, (max-width: 1071px) 543px, 580px\" \/>\n<div class=\"pintjo-longtext\">\n  <b>Hans Kistler<\/b>, geboren 1975, wuchs in der Oberpfalz\/ Bayern auf. Er studierte in Regensburg und Edinburgh und unterrichtet seit 2002 im Bayerischen Schuldienst, zuletzt 10 Jahre am Ortenburg-Gymnasium Oberviechtach. Seit 2016 ist er an das Gymnasium der Deutschen Schule Prag (DSP) abgeordnet. Er studierte Klarinette bei Peter G\u00e4rtner (Philharmonisches Orchester Regensburg) und Josef Pacewicz (Royal Scottish National Orchestra, Glasgow).  Zu seinen Kammermusikpartnern z\u00e4hlen u.a. Gerold Huber (M\u00fcnchen), Renaud Arbion (Tours), oder Ashley Fripp (London). In Berlin spielte er als Solist 2008 im <i>Konzerthaus am Gendarmenmarkt<\/i> mit dem Kammerorchester der Universit\u00e4t Regensburg (KUR). 2012 nahm er mit diesem beim Label <i>Spektral<\/i> Musik von Jan\u00e1\u010dek und Gershwin f\u00fcr Klarinette und Streichorchester auf. Im Jahr 2015 gr\u00fcndete er mit Freunden das Ensemble \u201eKammerVielharmonie\u201c, das eine flexible Besetzung darstellt zur Auff\u00fchrung von Kammermusik bis hin zu Orchesterwerken.<\/div>\n<h3><b>Musikdirektor<\/b><\/h3>\n<img loading=\"lazy\" class=\"wp-image-420 alignright\" src=\"http:\/\/localhost\/wordpress\/wp-content\/uploads\/2018\/10\/P8175631_kl_Small-e1539876266823.jpg\" alt=\"\" width=\"360\" height=\"366\" srcset=\"http:\/\/pintjo.org\/wp-content\/uploads\/2018\/10\/P8175631_kl_Small-e1539876266823.jpg 916w, http:\/\/pintjo.org\/wp-content\/uploads\/2018\/10\/P8175631_kl_Small-e1539876266823-295x300.jpg 295w, http:\/\/pintjo.org\/wp-content\/uploads\/2018\/10\/P8175631_kl_Small-e1539876266823-768x780.jpg 768w\" sizes=\"(max-width: 360px) 100vw, 360px\" \/>\n<div class=\"pintjo-longtext\">\n  <b>Graham Buckland <\/b>wurde in Weymouth, England am 27. Januar 1951 geboren. Er studierte in Cambridge, London, Br\u00fcnn und Prag bevor er 20 Jahre als Operndirigent in Prag, \u00dast\u00ed nad Labem (Aussig), N\u00fcrnberg, Hannover und Oldenburg t\u00e4tig war. Er war Generalmusikdirektor in Hildesheim und Br\u00fcnn und h\u00e4ufiger Gastdirigent bei Orchestern in Europa und Amerika. 1995 wurde er Leiter des Universit\u00e4tsorchesters Regensburg und gr\u00fcndete eine ansehnliche Anzahl an Orchestern und Kammermusikensembles. Seine Arbeit erfuhr bald internationale Anerkennung, besonders seine CD-Aufnahmen f\u00fcr das Label <i>Spektral<\/i>.  Nach seiner Emeritierung 2016 ist Buckland immer noch als Dirigent und Komponist t\u00e4tig. Seine Ver\u00f6ffentlichungen im <i>B\u00e4renreiter Verlag<\/i> mit Sammlungen von Weihnachtsmusik, Kirchenhymnen und Spirituals sind in der ganzen Welt bekannt. <i>David<\/i>, ein komplettes Oratorium wurde 2016 anl\u00e4sslich seines bevorstehenden Ruhestandes vom Universit\u00e4tschor und dem Universit\u00e4tsorchester Regensburg aufgef\u00fchrt. <i>No Stress<\/i> und <i>Bileam\u2019s Donkey<\/i>, zwei Kindermusicals, wurden erst k\u00fcrzlich in Tegernheim gegeben. <i>Ten Psalms<\/i> wurde in Darmstadt 2017 uraufgef\u00fchrt und <i>Two Chapter<\/i>, eine Markus-Passion f\u00fcr Solostimme und zw\u00f6lf Musiker, wurde in Regensburg am Karfreitag 2018 aufgef\u00fchrt.<\/div>","protected":false},"excerpt":{"rendered":"Das Orchester l\u00e4uft als ein nach tschechischem Recht eingetragener Verein. Der Vorstand Die Verein hat einen Vorstand, der aus einem Ersten Vorsitzenden, einem stellvertretenden Vorsitzenden und einem Kassierer besteht. Jedes Jahr wird eine Jahreshauptversammlung f\u00fcr alle Mitglieder der Stiftung abgehalten, bei der der Bericht des Vorstandes verlesen sowie Neuwahlen desselben stattfinden. Treffen der Vorstandsmitglieder finden &hellip; <p class=\"link-more\"><a href=\"http:\/\/pintjo.org\/index.php\/78-2\/\" class=\"more-link\">Continue reading<span class=\"screen-reader-text\"> &#8220;Rechtsform, Mitglieder des Vorstands, Verantwortliche&#8221;<\/span><\/a><\/p>","protected":false},"author":2,"featured_media":0,"parent":0,"menu_order":0,"comment_status":"closed","ping_status":"closed","template":"","meta":[],"_links":{"self":[{"href":"http:\/\/pintjo.org\/index.php\/wp-json\/wp\/v2\/pages\/78"}],"collection":[{"href":"http:\/\/pintjo.org\/index.php\/wp-json\/wp\/v2\/pages"}],"about":[{"href":"http:\/\/pintjo.org\/index.php\/wp-json\/wp\/v2\/types\/page"}],"author":[{"embeddable":true,"href":"http:\/\/pintjo.org\/index.php\/wp-json\/wp\/v2\/users\/2"}],"replies":[{"embeddable":true,"href":"http:\/\/pintjo.org\/index.php\/wp-json\/wp\/v2\/comments?post=78"}],"version-history":[{"count":17,"href":"http:\/\/pintjo.org\/index.php\/wp-json\/wp\/v2\/pages\/78\/revisions"}],"predecessor-version":[{"id":649,"href":"http:\/\/pintjo.org\/index.php\/wp-json\/wp\/v2\/pages\/78\/revisions\/649"}],"wp:attachment":[{"href":"http:\/\/pintjo.org\/index.php\/wp-json\/wp\/v2\/media?parent=78"}],"curies":[{"name":"wp","href":"https:\/\/api.w.org\/{rel}","templated":true}]}}