{"id":63,"date":"2018-09-29T19:59:48","date_gmt":"2018-09-29T19:59:48","guid":{"rendered":"http:\/\/localhost\/wordpress\/?page_id=63"},"modified":"2023-08-08T15:42:26","modified_gmt":"2023-08-08T15:42:26","slug":"idee-2","status":"publish","type":"page","link":"http:\/\/pintjo.org\/index.php\/idee-2\/","title":{"rendered":"Idee"},"content":{"rendered":"<div class=\"pintjo-quote\">\n\n<hr class=\"pintjo-hr\" \/>\n\n<div class=\"pintjo-quote-mark\"><strong style=\"font-size: 2rem;\"><i>&#8220;<\/i><\/strong><\/div>\n<span style=\"font-weight: 400;\">\n<i>Die Musik dr\u00fcckt das aus, was nicht gesagt werden kann und wor\u00fcber zu schweigen unm\u00f6glich ist.<\/i>\n<\/span>\n<br class=\"\" \/>\n<strong>Victor Hugo<\/strong>\n\n<hr class=\"pintjo-hr\" \/>\n\n<\/div>\n<div class=\"pintjo-longtext\">Wenn man V. Hugos Worte liest, erkennen wir, wie wichtig Musik f\u00fcr die Kommunikation von Menschen wirklich ist. Kinder und junge Leute lieben Musik und ergreifen begierig jede sich ihnen bietende Gelegenheit, Musik selbst zu machen. Dem Verein PINTJO e.V. liegt daran, dies durch ein internationales Jugendorchester in Prag f\u00fcr Musiker von etwa 13-26 Jahren zu f\u00f6rdern.<\/div>\n<div class=\"pintjo-longtext\">Das Orchester besteht aus Musikern der internationalen Schulen Prags (DSP, ISP, The Prague British School, Lyc\u00e9e Fran\u00e7ais, \u00d6sterreichisches Gymnasium u.a.) sowie der tschechischen Schulen. Dar\u00fcber hinaus k\u00f6nnen wir auf bayerische Partner z\u00e4hlen, vor allem auf Schulen und Musikschulen in der Oberpfalz und Niederbayern. In den kommenden Jahren planen wir, diese auf Sachsen, Polen und \u00d6sterreich auszuweiten.<\/div>\n<div class=\"pintjo-longtext\">Orchestrale Tradition ist typisch deutsch, 150 professionelle Orchester zeugen davon, was auch im Ausland als typisch deutsche Kultur wahrgenommen und gerne importiert wird. Die gro\u00dfen Namen der klassischen Musik waren haupts\u00e4chlich entweder Deutsche (Bach, Beethoven, Brahms, Wagner, Mendelssohn, Schumann) oder sprachen Deutsch (Mozart, Hadyn, Schubert).<\/div>\n<div class=\"pintjo-longtext\">Prag hat weiter den Vorteil, im Herzen der tschechischen Musiktradition zu stehen. Komponisten wie Dvo\u0159\u00e1k und Jan\u00e1\u010dek sind international ebenso angesehen wie die oben erw\u00e4hnten Namen. Die Stadt steht auch f\u00fcr kulturelle Unterschiedlichkeit, die Europa so unverwechselbar macht, von Irland bis Griechenland und von Spanien bis nach Polen und Russland. Musik hat den unsch\u00e4tzbaren Vorteil, universal verst\u00e4ndlich zu sein, ohne dass man vorher jahrelanges Studium setzen muss. Musik kann intuitiv angegangen werden und ist daher das ideale Kommunikationsmittel zwischen internationalen Jugendlichen in der einzigartigen Atmosph\u00e4re Prags. In einem Orchester zu spielen f\u00f6rdert hierbei den Kontakt auf jedem erdenklichen Niveau und \u00fcberschreitet dabei weit jegliche Grenzen. Wir sehen ein schier unersch\u00f6pfliches Potential f\u00fcr die Zukunft, wenn man die tschechische und deutsche Musiktradition f\u00f6rdert und f\u00fcr alle leicht zug\u00e4nglich macht. Wir k\u00f6nnen hierbei auf Mitglieder der Tschechischen Philharmonie f\u00fcr die Stimmproben z\u00e4hlen, und wir planen regelm\u00e4\u00dfig tschechische und deutsche Zentren des Kulturlebens zu besuchen und zu bespielen.<\/div>\n<div class=\"pintjo-longtext\">Ohne \u00dcbertreibung kann man sagen, dass wir dieses Orchester als wichtigen Beitrag sehen, dazu beizutragen, dass Nationen sich verstehen und Frieden miteinander halten.<\/div>\n<div>Hans Kistler, Graham Buckland, September 2018<\/div>","protected":false},"excerpt":{"rendered":"&#8220; Die Musik dr\u00fcckt das aus, was nicht gesagt werden kann und wor\u00fcber zu schweigen unm\u00f6glich ist. Victor Hugo Wenn man V. Hugos Worte liest, erkennen wir, wie wichtig Musik f\u00fcr die Kommunikation von Menschen wirklich ist. Kinder und junge Leute lieben Musik und ergreifen begierig jede sich ihnen bietende Gelegenheit, Musik selbst zu machen. &hellip; <p class=\"link-more\"><a href=\"http:\/\/pintjo.org\/index.php\/idee-2\/\" class=\"more-link\">Continue reading<span class=\"screen-reader-text\"> &#8220;Idee&#8221;<\/span><\/a><\/p>","protected":false},"author":2,"featured_media":0,"parent":0,"menu_order":0,"comment_status":"closed","ping_status":"closed","template":"","meta":[],"_links":{"self":[{"href":"http:\/\/pintjo.org\/index.php\/wp-json\/wp\/v2\/pages\/63"}],"collection":[{"href":"http:\/\/pintjo.org\/index.php\/wp-json\/wp\/v2\/pages"}],"about":[{"href":"http:\/\/pintjo.org\/index.php\/wp-json\/wp\/v2\/types\/page"}],"author":[{"embeddable":true,"href":"http:\/\/pintjo.org\/index.php\/wp-json\/wp\/v2\/users\/2"}],"replies":[{"embeddable":true,"href":"http:\/\/pintjo.org\/index.php\/wp-json\/wp\/v2\/comments?post=63"}],"version-history":[{"count":49,"href":"http:\/\/pintjo.org\/index.php\/wp-json\/wp\/v2\/pages\/63\/revisions"}],"predecessor-version":[{"id":1041,"href":"http:\/\/pintjo.org\/index.php\/wp-json\/wp\/v2\/pages\/63\/revisions\/1041"}],"wp:attachment":[{"href":"http:\/\/pintjo.org\/index.php\/wp-json\/wp\/v2\/media?parent=63"}],"curies":[{"name":"wp","href":"https:\/\/api.w.org\/{rel}","templated":true}]}}