{"id":625,"date":"2019-04-04T17:04:17","date_gmt":"2019-04-04T17:04:17","guid":{"rendered":"http:\/\/pintjo.org\/?page_id=625"},"modified":"2025-11-17T08:07:37","modified_gmt":"2025-11-17T08:07:37","slug":"terminy-a-repertoar","status":"publish","type":"page","link":"http:\/\/pintjo.org\/index.php\/cs\/terminy-a-repertoar\/","title":{"rendered":"Term\u00edny a reperto\u00e1r"},"content":{"rendered":"\n<p>Pozn\u00e1mka: V\u0161echny uveden\u00e9 term\u00edny jsou bez z\u00e1ruky.<\/p>\n\n\n<div class=\"pintjo-two-column-container\">\n<div class=\"pintjo-two-column-container-content\">\n<p>Aktu\u00e1ln\u00ed koncertn\u00ed projekt na podzim 2025: <br \/>Program:<\/p>\n<p><strong>Giacchino Rossini \u2013 P\u0159edehra k ope\u0159e Il barbiere di Siviglia\u00a0<\/strong><\/p>\n<p><strong>Antonio Vivaldi \u2013 koncert pro dv\u011b trubky a orchestr RV 537; <\/strong>s\u00f3list\u00e9: Andreas Wagenschwanz a Lukas Kachelmeier<\/p>\n<p><strong>Anton\u00edn Dvo\u0159\u00e1k \u2013 8. symfonie g moll op. 88<\/strong><\/p>\n<p>Dirigent: Graham Buckland<\/p>\n<p>\u00a0<\/p>\n<p>1. zkou\u0161kov\u00fd v\u00edkend 7.\u20139. 11. 2025: Jugendherberge Furth im Wald, Daberger Str. 50, 93437 Furth im Wald, N\u011bmecko<br \/>2. zkou\u0161kov\u00fd v\u00edkend 21.\u201323. 11. 2025: Hudebn\u00ed \u0161kola v Praze 8: Z\u00e1kladn\u00ed um\u011bleck\u00e1 \u0161kola, Praha 8, Taussigova 1150<\/p>\n<p><strong>Koncert: ned\u011ble 23. 11. 2025, 17:00 hodin <em>Betl\u00e9msk\u00e1 kaple<\/em>, <em>Betl\u00e9msk\u00e9 n\u00e1m\u011bst\u00ed 4, 110 00, Star\u00e9 M\u011bsto, Praha 1<\/em><\/strong><\/p>\n<p><strong>Vstupenky<\/strong>: vstup zdarma, dobrovoln\u00e9 p\u0159\u00edsp\u011bvky v\u00edt\u00e1ny<\/p>\n<\/div>\n<\/div>","protected":false},"excerpt":{"rendered":"Pozn\u00e1mka: V\u0161echny uveden\u00e9 term\u00edny jsou bez z\u00e1ruky. Aktu\u00e1ln\u00ed koncertn\u00ed projekt na podzim 2025: Program: Giacchino Rossini \u2013 P\u0159edehra k ope\u0159e Il barbiere di Siviglia\u00a0 Antonio Vivaldi \u2013 koncert pro dv\u011b trubky a orchestr RV 537; s\u00f3list\u00e9: Andreas Wagenschwanz a Lukas Kachelmeier Anton\u00edn Dvo\u0159\u00e1k \u2013 8. symfonie g moll op. 88 Dirigent: Graham Buckland \u00a0 1. &hellip; <p class=\"link-more\"><a href=\"http:\/\/pintjo.org\/index.php\/cs\/terminy-a-repertoar\/\" class=\"more-link\">Continue reading<span class=\"screen-reader-text\"> &#8220;Term\u00edny a reperto\u00e1r&#8221;<\/span><\/a><\/p>","protected":false},"author":2,"featured_media":0,"parent":0,"menu_order":0,"comment_status":"closed","ping_status":"closed","template":"","meta":[],"_links":{"self":[{"href":"http:\/\/pintjo.org\/index.php\/wp-json\/wp\/v2\/pages\/625"}],"collection":[{"href":"http:\/\/pintjo.org\/index.php\/wp-json\/wp\/v2\/pages"}],"about":[{"href":"http:\/\/pintjo.org\/index.php\/wp-json\/wp\/v2\/types\/page"}],"author":[{"embeddable":true,"href":"http:\/\/pintjo.org\/index.php\/wp-json\/wp\/v2\/users\/2"}],"replies":[{"embeddable":true,"href":"http:\/\/pintjo.org\/index.php\/wp-json\/wp\/v2\/comments?post=625"}],"version-history":[{"count":30,"href":"http:\/\/pintjo.org\/index.php\/wp-json\/wp\/v2\/pages\/625\/revisions"}],"predecessor-version":[{"id":1112,"href":"http:\/\/pintjo.org\/index.php\/wp-json\/wp\/v2\/pages\/625\/revisions\/1112"}],"wp:attachment":[{"href":"http:\/\/pintjo.org\/index.php\/wp-json\/wp\/v2\/media?parent=625"}],"curies":[{"name":"wp","href":"https:\/\/api.w.org\/{rel}","templated":true}]}}