{"id":450,"date":"2018-10-22T15:45:50","date_gmt":"2018-10-22T15:45:50","guid":{"rendered":"http:\/\/localhost\/wordpress\/?page_id=450"},"modified":"2018-10-22T15:45:50","modified_gmt":"2018-10-22T15:45:50","slug":"podminky-pouziti","status":"publish","type":"page","link":"http:\/\/pintjo.org\/index.php\/cs\/podminky-pouziti\/","title":{"rendered":"Podm\u00ednky pou\u017eit\u00ed"},"content":{"rendered":"","protected":false},"excerpt":{"rendered":"","protected":false},"author":2,"featured_media":0,"parent":0,"menu_order":0,"comment_status":"closed","ping_status":"closed","template":"","meta":[],"_links":{"self":[{"href":"http:\/\/pintjo.org\/index.php\/wp-json\/wp\/v2\/pages\/450"}],"collection":[{"href":"http:\/\/pintjo.org\/index.php\/wp-json\/wp\/v2\/pages"}],"about":[{"href":"http:\/\/pintjo.org\/index.php\/wp-json\/wp\/v2\/types\/page"}],"author":[{"embeddable":true,"href":"http:\/\/pintjo.org\/index.php\/wp-json\/wp\/v2\/users\/2"}],"replies":[{"embeddable":true,"href":"http:\/\/pintjo.org\/index.php\/wp-json\/wp\/v2\/comments?post=450"}],"version-history":[{"count":1,"href":"http:\/\/pintjo.org\/index.php\/wp-json\/wp\/v2\/pages\/450\/revisions"}],"predecessor-version":[{"id":451,"href":"http:\/\/pintjo.org\/index.php\/wp-json\/wp\/v2\/pages\/450\/revisions\/451"}],"wp:attachment":[{"href":"http:\/\/pintjo.org\/index.php\/wp-json\/wp\/v2\/media?parent=450"}],"curies":[{"name":"wp","href":"https:\/\/api.w.org\/{rel}","templated":true}]}}