{"id":324,"date":"2018-10-11T16:00:26","date_gmt":"2018-10-11T16:00:26","guid":{"rendered":"http:\/\/localhost\/wordpress\/?page_id=324"},"modified":"2023-08-08T15:51:04","modified_gmt":"2023-08-08T15:51:04","slug":"myslenka","status":"publish","type":"page","link":"http:\/\/pintjo.org\/index.php\/cs\/myslenka\/","title":{"rendered":"My\u0161lenka"},"content":{"rendered":"<div class=\"pintjo-quote\">\n\n<hr class=\"pintjo-hr\" \/>\n\n<div class=\"pintjo-quote-mark\"><strong style=\"font-size: 2rem;\"><i>&#8220;<\/i><\/strong><\/div>\n<span style=\"font-weight: 400;\">\n<i>Hudba vyjad\u0159uje to, co nelze vyslovit a o \u010dem je nemo\u017en\u00e9 ml\u010det.<\/i>\n<\/span>\n<br class=\"\" \/>\n<strong>Victor Hugo<\/strong>\n\n<hr class=\"pintjo-hr\" \/>\n\n<\/div>\n<div class=\"pintjo-longtext\">Jestli\u017ee si tato slova V. Huga p\u0159e\u010dteme, pozn\u00e1me, jak je hudba pro lidskou komunikaci d\u016fle\u017eit\u00e1. D\u011bti a mlad\u00ed lid\u00e9 hudbu miluj\u00ed a \u017e\u00e1dostiv\u011b se chop\u00ed ka\u017ed\u00e9 nab\u00edzen\u00e9 p\u0159\u00edle\u017eitosti d\u011blat hudbu sami. Spolek PINTJO e.V. v\u011b\u0159\u00ed, \u017ee je d\u016fle\u017eit\u00e9 toto podporovat zalo\u017een\u00edm mezin\u00e1rodn\u00edho \u00a0ml\u00e1de\u017enick\u00e9ho orchestru v Praze pro hudebn\u00edky mezi 13-26 lety.<\/div>\n<div class=\"pintjo-longtext\">Tento orchestr se skl\u00e1d\u00e1 z mezin\u00e1rodn\u00edch \u0161kol v Praze (N\u0160P, ISP, The Prague British School, Lyc\u00e9e Fran\u00e7ais, Rakousk\u00e9 gymn\u00e1zium a dal\u0161\u00ed), jako\u017e i z \u010desk\u00fdch \u0161kol, obzvl\u00e1\u0161t\u011b um\u011bleck\u00fdch a hudebn\u00edch \u0161kol. Nadto m\u016f\u017eeme po\u010d\u00edtat s bavorsk\u00fdmi partnery, nab\u00edzej\u00ed se p\u0159itom \u0161koly v Horn\u00ed Falci a Doln\u00edm Bavorsku . V n\u00e1sleduj\u00edc\u00edch letech pl\u00e1nujeme jejich roz\u0161\u00ed\u0159en\u00ed do Saska, Polska a Rakouska.<\/div>\n<div class=\"pintjo-longtext\">To, \u017ee veden\u00ed p\u0159evezme pr\u00e1v\u011b N\u0160P, by p\u0159itom nem\u011blo b\u00fdt \u017e\u00e1dn\u00fdm p\u0159ekvapen\u00edm. Orchestr\u00e1ln\u00ed tradice je typicky n\u011bmeck\u00e1, 150 profesion\u00e1ln\u00edch orchestr\u016f je dokladem toho, co se i v zahrani\u010d\u00ed vn\u00edm\u00e1 jako typicky n\u011bmeck\u00e1 kultura, kter\u00e1 je s oblibou importov\u00e1na. Velk\u00e1 jm\u00e9na klasick\u00e9 hudby byla hlavn\u011b n\u011bmeck\u00e1 (Bach, Beethoven, Brahms, Wagner, Mendelssohn, Schumann) nebo alespo\u0148 n\u011bmeckojazy\u010dn\u00e1 (Mozart, Hadyn, Schubert).<\/div>\n<div class=\"pintjo-longtext\">Praha m\u00e1 i tu dal\u0161\u00ed v\u00fdhodu, \u017ee se nal\u00e9z\u00e1 v srdci \u010desk\u00e9 hudebn\u00ed tradice. Skladatel\u00e9 jako Dvo\u0159\u00e1k a Jan\u00e1\u010dek jsou pr\u00e1v\u011b tak uzn\u00e1v\u00e1ni jako v\u00fd\u0161e zm\u00edn\u011bn\u00e1 jm\u00e9na. Toto m\u011bsto stoj\u00ed tak\u00e9 ve znamen\u00ed kulturn\u00ed rozmanitosti, kter\u00e1 d\u011bl\u00e1 Evropu tak nezam\u011bnitelnou, od Irska po \u0158ecko a od \u0160pan\u011blska a\u017e do Polska a Ruska.<\/div>\n<div class=\"pintjo-longtext\">Hudba m\u00e1 to nedocenitelnou v\u00fdhodu, \u017ee je univerz\u00e1ln\u011b srozumiteln\u00e1, ani\u017e by ji \u010dlov\u011bk p\u0159edt\u00edm musel dlouh\u00e9 roky studovat. K hudb\u011b se m\u016f\u017ee p\u0159istupovat intuitivn\u011b, tak\u017ee je to intuitivn\u00ed komunika\u010dn\u00ed prost\u0159edek mezi mezin\u00e1rodn\u00ed ml\u00e1de\u017e\u00ed v unik\u00e1tn\u00ed pra\u017esk\u00e9 atmosf\u00e9\u0159e. Hr\u00e1t v orchestru p\u0159itom podporuje kontakt na ka\u017ed\u00e9 mysliteln\u00e9 \u00farovni a dalece p\u0159ekra\u010duje ka\u017edou hranici. Do budoucna prost\u011b vid\u00edme nevy\u010derpateln\u00fd potenci\u00e1l v tom, \u017ee budeme podporovat \u010deskou a n\u011bmeckou hudebn\u00ed tradici a v\u0161em ji zp\u0159\u00edstup\u0148ovat. U hlasov\u00fdch zkou\u0161ek p\u0159itom m\u016f\u017eeme p\u0159itom po\u010d\u00edtat s pomoc\u00ed \u010dlen\u016f \u010cesk\u00e9 filharmonie, a pl\u00e1nujeme pravideln\u00e9 n\u00e1v\u0161t\u011bvy a p\u0159ehr\u00e1vky v \u010desk\u00fdch a n\u011bmeck\u00fdch kulturn\u00edch st\u0159edisc\u00edch.<\/div>\n<div class=\"pintjo-longtext\">Ani\u017e bychom p\u0159eh\u00e1n\u011bli lze \u0159\u00edci, \u017ee v tomto orchestru vid\u00edme p\u0159\u00edsp\u011bvek k porozum\u011bn\u00ed n\u00e1rod\u016f a k m\u00edru mezi nimi.<\/div>\n<div>Hans Kistler, Graham Buckland, z\u00e1\u0159\u00ed 2018<\/div>","protected":false},"excerpt":{"rendered":"&#8220; Hudba vyjad\u0159uje to, co nelze vyslovit a o \u010dem je nemo\u017en\u00e9 ml\u010det. Victor Hugo Jestli\u017ee si tato slova V. Huga p\u0159e\u010dteme, pozn\u00e1me, jak je hudba pro lidskou komunikaci d\u016fle\u017eit\u00e1. D\u011bti a mlad\u00ed lid\u00e9 hudbu miluj\u00ed a \u017e\u00e1dostiv\u011b se chop\u00ed ka\u017ed\u00e9 nab\u00edzen\u00e9 p\u0159\u00edle\u017eitosti d\u011blat hudbu sami. Spolek PINTJO e.V. v\u011b\u0159\u00ed, \u017ee je d\u016fle\u017eit\u00e9 toto podporovat &hellip; <p class=\"link-more\"><a href=\"http:\/\/pintjo.org\/index.php\/cs\/myslenka\/\" class=\"more-link\">Continue reading<span class=\"screen-reader-text\"> &#8220;My\u0161lenka&#8221;<\/span><\/a><\/p>","protected":false},"author":2,"featured_media":0,"parent":0,"menu_order":0,"comment_status":"closed","ping_status":"closed","template":"","meta":[],"_links":{"self":[{"href":"http:\/\/pintjo.org\/index.php\/wp-json\/wp\/v2\/pages\/324"}],"collection":[{"href":"http:\/\/pintjo.org\/index.php\/wp-json\/wp\/v2\/pages"}],"about":[{"href":"http:\/\/pintjo.org\/index.php\/wp-json\/wp\/v2\/types\/page"}],"author":[{"embeddable":true,"href":"http:\/\/pintjo.org\/index.php\/wp-json\/wp\/v2\/users\/2"}],"replies":[{"embeddable":true,"href":"http:\/\/pintjo.org\/index.php\/wp-json\/wp\/v2\/comments?post=324"}],"version-history":[{"count":10,"href":"http:\/\/pintjo.org\/index.php\/wp-json\/wp\/v2\/pages\/324\/revisions"}],"predecessor-version":[{"id":1047,"href":"http:\/\/pintjo.org\/index.php\/wp-json\/wp\/v2\/pages\/324\/revisions\/1047"}],"wp:attachment":[{"href":"http:\/\/pintjo.org\/index.php\/wp-json\/wp\/v2\/media?parent=324"}],"curies":[{"name":"wp","href":"https:\/\/api.w.org\/{rel}","templated":true}]}}