{"id":299,"date":"2018-10-11T14:55:14","date_gmt":"2018-10-11T14:55:14","guid":{"rendered":"http:\/\/localhost\/wordpress\/?page_id=299"},"modified":"2025-11-17T08:08:30","modified_gmt":"2025-11-17T08:08:30","slug":"dates-repertoire","status":"publish","type":"page","link":"http:\/\/pintjo.org\/index.php\/en\/dates-repertoire\/","title":{"rendered":"Dates &#038; Repertoire"},"content":{"rendered":"\n<blockquote class=\"wp-block-quote\"><p>Current concert project in autumn 2025:<br>Programme:<\/p><p><strong>Giacchino Rossini \u2013 Overture to Il barbiere di Siviglia<\/strong><\/p><p><strong>Antonio Vivaldi \u2013 Concerto for two trumpets and orchestra RV 537; <\/strong>soloists: Andreas Wagenschwanz and Lukas Kachelmeier<\/p><p><strong>Anton\u00edn Dvo\u0159\u00e1k \u2013 Symphony No. 8 in G minor, Op. 88<\/strong><\/p><p>Conductor: Graham Buckland<\/p><p>1st rehearsal weekend 7\u20139 November 2025: Youth Hostel Furth im Wald, Daberger Str. 50, 93437 Furth im Wald, Germany<\/p><p>2nd rehearsal weekend 21\u201323 November 2025: Music school in Prague 8: Z\u00e1kladn\u00ed um\u011bleck\u00e1 \u0161kola, Praha 8, Taussigova 1150<\/p><p><strong>Concert: Sunday, 23 November 2025, 5 p.m. <em>Betl\u00e9msk\u00e1 kaple<\/em>, <em>Betl\u00e9msk\u00e9 n\u00e1m\u011bst\u00ed 4, 110 00, Star\u00e9 M\u011bsto, Praha 1<\/em><\/strong><\/p><p>Tickets: free entry; donations welcome<\/p><\/blockquote>\n\n\n\n<p><\/p>\n","protected":false},"excerpt":{"rendered":"Current concert project in autumn 2025:Programme:Giacchino Rossini \u2013 Overture to Il barbiere di SivigliaAntonio Vivaldi \u2013 Concerto for two trumpets and orchestra RV 537; soloists: Andreas Wagenschwanz and Lukas KachelmeierAnton\u00edn Dvo\u0159\u00e1k \u2013 Symphony No. 8 in G minor, Op. 88Conductor: Graham Buckland1st rehearsal weekend 7\u20139 November 2025: Youth Hostel Furth im Wald, Daberger Str. 50, &hellip; <p class=\"link-more\"><a href=\"http:\/\/pintjo.org\/index.php\/en\/dates-repertoire\/\" class=\"more-link\">Continue reading<span class=\"screen-reader-text\"> &#8220;Dates &#038; Repertoire&#8221;<\/span><\/a><\/p>","protected":false},"author":2,"featured_media":0,"parent":0,"menu_order":0,"comment_status":"closed","ping_status":"closed","template":"","meta":[],"_links":{"self":[{"href":"http:\/\/pintjo.org\/index.php\/wp-json\/wp\/v2\/pages\/299"}],"collection":[{"href":"http:\/\/pintjo.org\/index.php\/wp-json\/wp\/v2\/pages"}],"about":[{"href":"http:\/\/pintjo.org\/index.php\/wp-json\/wp\/v2\/types\/page"}],"author":[{"embeddable":true,"href":"http:\/\/pintjo.org\/index.php\/wp-json\/wp\/v2\/users\/2"}],"replies":[{"embeddable":true,"href":"http:\/\/pintjo.org\/index.php\/wp-json\/wp\/v2\/comments?post=299"}],"version-history":[{"count":72,"href":"http:\/\/pintjo.org\/index.php\/wp-json\/wp\/v2\/pages\/299\/revisions"}],"predecessor-version":[{"id":1113,"href":"http:\/\/pintjo.org\/index.php\/wp-json\/wp\/v2\/pages\/299\/revisions\/1113"}],"wp:attachment":[{"href":"http:\/\/pintjo.org\/index.php\/wp-json\/wp\/v2\/media?parent=299"}],"curies":[{"name":"wp","href":"https:\/\/api.w.org\/{rel}","templated":true}]}}