{"id":286,"date":"2018-10-09T11:01:13","date_gmt":"2018-10-09T11:01:13","guid":{"rendered":"http:\/\/localhost\/wordpress\/?page_id=286"},"modified":"2025-09-17T08:24:16","modified_gmt":"2025-09-17T08:24:16","slug":"286-2","status":"publish","type":"page","link":"http:\/\/pintjo.org\/index.php\/cs\/286-2\/","title":{"rendered":"V\u00edtejte"},"content":{"rendered":"<h1>Pra\u017esk\u00fd mezin\u00e1rodn\u00ed ml\u00e1de\u017enick\u00fd orchestr<\/h1>\n<div class=\"pintjo-quote\">\n\n<hr \/>\n<p style=\"text-align: left;\"><i>La musique exprime ce qui ne peut \u00eatre dit et sur quoi il est impossible de rester silencieux.<\/i><\/p>\n<p style=\"text-align: left;\"><strong><i>Victor Hugo<\/i><\/strong><\/p>\n\n<\/div>\nNov\u00fd projekt: podzim 2025 \u2013 <strong>viz <em>Terminy<\/em>!<\/strong>","protected":false},"excerpt":{"rendered":"Pra\u017esk\u00fd mezin\u00e1rodn\u00ed ml\u00e1de\u017enick\u00fd orchestr La musique exprime ce qui ne peut \u00eatre dit et sur quoi il est impossible de rester silencieux. Victor Hugo Nov\u00fd projekt: podzim 2025 \u2013 viz Terminy!","protected":false},"author":2,"featured_media":0,"parent":0,"menu_order":0,"comment_status":"closed","ping_status":"closed","template":"","meta":[],"_links":{"self":[{"href":"http:\/\/pintjo.org\/index.php\/wp-json\/wp\/v2\/pages\/286"}],"collection":[{"href":"http:\/\/pintjo.org\/index.php\/wp-json\/wp\/v2\/pages"}],"about":[{"href":"http:\/\/pintjo.org\/index.php\/wp-json\/wp\/v2\/types\/page"}],"author":[{"embeddable":true,"href":"http:\/\/pintjo.org\/index.php\/wp-json\/wp\/v2\/users\/2"}],"replies":[{"embeddable":true,"href":"http:\/\/pintjo.org\/index.php\/wp-json\/wp\/v2\/comments?post=286"}],"version-history":[{"count":7,"href":"http:\/\/pintjo.org\/index.php\/wp-json\/wp\/v2\/pages\/286\/revisions"}],"predecessor-version":[{"id":1106,"href":"http:\/\/pintjo.org\/index.php\/wp-json\/wp\/v2\/pages\/286\/revisions\/1106"}],"wp:attachment":[{"href":"http:\/\/pintjo.org\/index.php\/wp-json\/wp\/v2\/media?parent=286"}],"curies":[{"name":"wp","href":"https:\/\/api.w.org\/{rel}","templated":true}]}}