{"id":272,"date":"2018-10-09T10:01:39","date_gmt":"2018-10-09T10:01:39","guid":{"rendered":"http:\/\/localhost\/wordpress\/?page_id=272"},"modified":"2020-10-27T17:35:46","modified_gmt":"2020-10-27T17:35:46","slug":"kontakt","status":"publish","type":"page","link":"http:\/\/pintjo.org\/index.php\/kontakt\/","title":{"rendered":"Kontakt"},"content":{"rendered":"\n<div class=\"pintjo-longtext\">Bitte nehmen Sie mit uns direkten Kontakt auf, bevorzugt auf Englisch, Franz\u00f6sisch, Deutsch oder Tschechisch. Falls Sie Anfragen in anderen Sprachen stellen, dauert deren Beantwortung unter Umst\u00e4nden etwas l\u00e4nger.<\/div>\n\n\n\n<br><br>\n\n\n\n<div style=\"line-height: 2rem;\"><strong>Direkte Email-Anfragen an den Gesch\u00e4ftsf\u00fchrer:<\/strong><br class=\"\">Hans.kistler19@gmail.com<br class=\"\"><br><strong>Postadresse:<\/strong><br class=\"\">Hans Kistler, CEO<br class=\"\">PINTJO<\/div>\n\n\n\n<div style=\"line-height: 2rem;\">Ovocn\u00fd trh 1096\/8<\/div>\n\n\n\n<div style=\"line-height: 2rem;\">110 00 Praha 1 &#8211; Star\u00e9 M\u011bsto<br class=\"\"><br>Tel: +49 163 429 8213<\/div>\n","protected":false},"excerpt":{"rendered":"Bitte nehmen Sie mit uns direkten Kontakt auf, bevorzugt auf Englisch, Franz\u00f6sisch, Deutsch oder Tschechisch. Falls Sie Anfragen in anderen Sprachen stellen, dauert deren Beantwortung unter Umst\u00e4nden etwas l\u00e4nger. Direkte Email-Anfragen an den Gesch\u00e4ftsf\u00fchrer:Hans.kistler19@gmail.comPostadresse:Hans Kistler, CEOPINTJO Ovocn\u00fd trh 1096\/8 110 00 Praha 1 &#8211; Star\u00e9 M\u011bstoTel: +49 163 429 8213","protected":false},"author":2,"featured_media":0,"parent":0,"menu_order":0,"comment_status":"closed","ping_status":"closed","template":"","meta":[],"_links":{"self":[{"href":"http:\/\/pintjo.org\/index.php\/wp-json\/wp\/v2\/pages\/272"}],"collection":[{"href":"http:\/\/pintjo.org\/index.php\/wp-json\/wp\/v2\/pages"}],"about":[{"href":"http:\/\/pintjo.org\/index.php\/wp-json\/wp\/v2\/types\/page"}],"author":[{"embeddable":true,"href":"http:\/\/pintjo.org\/index.php\/wp-json\/wp\/v2\/users\/2"}],"replies":[{"embeddable":true,"href":"http:\/\/pintjo.org\/index.php\/wp-json\/wp\/v2\/comments?post=272"}],"version-history":[{"count":14,"href":"http:\/\/pintjo.org\/index.php\/wp-json\/wp\/v2\/pages\/272\/revisions"}],"predecessor-version":[{"id":943,"href":"http:\/\/pintjo.org\/index.php\/wp-json\/wp\/v2\/pages\/272\/revisions\/943"}],"wp:attachment":[{"href":"http:\/\/pintjo.org\/index.php\/wp-json\/wp\/v2\/media?parent=272"}],"curies":[{"name":"wp","href":"https:\/\/api.w.org\/{rel}","templated":true}]}}